{"id":2092,"date":"2023-12-02T02:19:42","date_gmt":"2023-12-02T01:19:42","guid":{"rendered":"https:\/\/spanish-training.com\/nota-prawna\/"},"modified":"2024-01-26T20:25:09","modified_gmt":"2024-01-26T19:25:09","slug":"nota-prawna","status":"publish","type":"page","link":"https:\/\/spanish-training.com\/pl\/nota-prawna\/","title":{"rendered":"Nota prawna"},"content":{"rendered":"<p>[et_pb_section fb_built=&#8221;1&#8243; theme_builder_area=&#8221;post_content&#8221; _builder_version=&#8221;4.23.1&#8243; _module_preset=&#8221;default&#8221;][et_pb_row _builder_version=&#8221;4.23.1&#8243; _module_preset=&#8221;default&#8221; theme_builder_area=&#8221;post_content&#8221;][et_pb_column _builder_version=&#8221;4.23.1&#8243; _module_preset=&#8221;default&#8221; type=&#8221;4_4&#8243; theme_builder_area=&#8221;post_content&#8221;][et_pb_text _builder_version=&#8221;4.23.1&#8243; _module_preset=&#8221;default&#8221; theme_builder_area=&#8221;post_content&#8221; hover_enabled=&#8221;0&#8243; sticky_enabled=&#8221;0&#8243;]<\/p>\n<p><b>Impressum \/ Nota prawna<\/b><\/p>\n<p>&nbsp;<\/p>\n<p>Angaben gem\u00e4\u00df \u00a7 5 TMG:<\/p>\n<p>LEMP Berlin Training UG (haftungsbeschr\u00e4nkt)<br \/>Berliner Str. 156<br \/>10715 Berlin<\/p>\n<p>Vertreten durch:<br \/>Magdalena Lemp<\/p>\n<p>Kontakt:<br \/>Telefon: 0049-30-74696593<br \/>Telefax: 0049-32123665367<br \/>E-Mail: info@spanish-training.com<\/p>\n<p>Registereintrag:<br \/>Eintragung im Handelsregister.<br \/>Registergericht: Berlin Charlottenburg<br \/>Registernummer: HRB 160451 B<\/p>\n<p>Umsatzsteuer-ID:<br \/>Umsatzsteuer-Identifikationsnummer gem\u00e4\u00df \u00a727 a Umsatzsteuergesetz:<br \/>DE292968322<\/p>\n<p>Verantwortlich f\u00fcr den Inhalt nach \u00a7 55 Abs. 2 RStV:<br \/>Magdalena Lemp<br \/>Berliner Str. 156<br \/>10715 Berlin<\/p>\n<p>Quellenangaben f\u00fcr die verwendeten Bilder und Grafiken:<br \/>\u00a9 Fotolia<br \/>http:\/\/www.fotolia.de<\/p>\n<p>\u00a9 Pixabay<br \/>http:\/\/www.pixabay.com<\/p>\n<p>Quelle: Impressum von e-recht24.de speziell f\u00fcr Gesellschaft beschr\u00e4nkter Haftung (GmbH) erzeugt.<\/p>\n<p>Plattform der EU-Kommission zur Online-Streitbeilegung: www.ec.europa.eu\/consumers\/odr<\/p>\n<p>&nbsp;<\/p>\n<p><b>Haftungsausschluss (Disclaimer)<\/b><\/p>\n<p>Haftung f\u00fcr Inhalte<br \/>Als Diensteanbieter sind wir gem\u00e4\u00df \u00a7 7 Abs.1 TMG f\u00fcr eigene Inhalte auf diesen Seiten nach den allgemeinen Gesetzen verantwortlich. Nach \u00a7\u00a7 8 bis 10 TMG sind wir als Diensteanbieter jedoch nicht verpflichtet, \u00fcbermittelte oder gespeicherte fremde Informationen zu \u00fcberwachen oder nach Umst\u00e4nden zu forschen, die auf eine rechtswidrige T\u00e4tigkeit hinweisen. Verpflichtungen zur Entfernung oder Sperrung der Nutzung von Informationen nach den allgemeinen Gesetzen bleiben hiervon unber\u00fchrt. Eine diesbez\u00fcgliche Haftung ist jedoch erst ab dem Zeitpunkt der Kenntnis einer konkreten Rechtsverletzung m\u00f6glich. Bei Bekanntwerden von entsprechenden Rechtsverletzungen werden wir diese Inhalte umgehend entfernen.<\/p>\n<p>Haftung f\u00fcr Links<br \/>Unser Angebot enth\u00e4lt Links zu externen Webseiten Dritter, auf deren Inhalte wir keinen Einfluss haben. Deshalb k\u00f6nnen wir f\u00fcr diese fremden Inhalte auch keine Gew\u00e4hr \u00fcbernehmen. F\u00fcr die Inhalte der verlinkten Seiten ist stets der jeweilige Anbieter oder Betreiber der Seiten verantwortlich. Die verlinkten Seiten wurden zum Zeitpunkt der Verlinkung auf m\u00f6gliche Rechtsverst\u00f6\u00dfe \u00fcberpr\u00fcft. Rechtswidrige Inhalte waren zum Zeitpunkt der Verlinkung nicht erkennbar. Eine permanente inhaltliche Kontrolle der verlinkten Seiten ist jedoch ohne konkrete Anhaltspunkte einer Rechtsverletzung nicht zumutbar. Bei Bekanntwerden von Rechtsverletzungen werden wir derartige Links umgehend entfernen.<\/p>\n<p>Urheberrecht<br \/>Die durch die Seitenbetreiber erstellten Inhalte und Werke auf diesen Seiten unterliegen dem deutschen Urheberrecht. Die Vervielf\u00e4ltigung, Bearbeitung, Verbreitung und jede Art der Verwertung au\u00dferhalb der Grenzen des Urheberrechtes bed\u00fcrfen der schriftlichen Zustimmung des jeweiligen Autors bzw. Erstellers. Downloads und Kopien dieser Seite sind nur f\u00fcr den privaten, nicht kommerziellen Gebrauch gestattet. Soweit die Inhalte auf dieser Seite nicht vom Betreiber erstellt wurden, werden die Urheberrechte Dritter beachtet. Insbesondere werden Inhalte Dritter als solche gekennzeichnet. Sollten Sie trotzdem auf eine Urheberrechtsverletzung aufmerksam werden, bitten wir um einen entsprechenden Hinweis. Bei Bekanntwerden von Rechtsverletzungen werden wir derartige Inhalte umgehend entfernen.<\/p>\n<p>Quellverweis: eRecht24<\/p>\n<p>[\/et_pb_text][\/et_pb_column][\/et_pb_row][\/et_pb_section]<\/p>\n","protected":false},"excerpt":{"rendered":"<p>Impressum \/ Nota prawna &nbsp; Angaben gem\u00e4\u00df \u00a7 5 TMG: LEMP Berlin Training UG (haftungsbeschr\u00e4nkt)Berliner Str. 15610715 Berlin Vertreten durch:Magdalena Lemp Kontakt:Telefon: 0049-30-74696593Telefax: 0049-32123665367E-Mail: info@spanish-training.com Registereintrag:Eintragung im Handelsregister.Registergericht: Berlin CharlottenburgRegisternummer: HRB 160451 B Umsatzsteuer-ID:Umsatzsteuer-Identifikationsnummer gem\u00e4\u00df \u00a727 a Umsatzsteuergesetz:DE292968322 Verantwortlich f\u00fcr den Inhalt nach \u00a7 55 Abs. 2 RStV:Magdalena LempBerliner Str. 15610715 Berlin Quellenangaben f\u00fcr die [&hellip;]<\/p>\n","protected":false},"author":2,"featured_media":0,"parent":0,"menu_order":0,"comment_status":"closed","ping_status":"closed","template":"","meta":{"_et_pb_use_builder":"on","_et_pb_old_content":"","_et_gb_content_width":"","footnotes":""},"class_list":["post-2092","page","type-page","status-publish","hentry"],"yoast_head":"<!-- This site is optimized with the Yoast SEO plugin v27.2 - https:\/\/yoast.com\/product\/yoast-seo-wordpress\/ -->\n<title>Nota prawna :: ESPA\u00d1OL.PRO<\/title>\n<meta name=\"description\" content=\"Dowiedz si\u0119 wi\u0119cej o espa\u00f1ol.pro\" \/>\n<meta name=\"robots\" content=\"index, follow, max-snippet:-1, max-image-preview:large, max-video-preview:-1\" \/>\n<link rel=\"canonical\" href=\"https:\/\/spanish-training.com\/pl\/nota-prawna\/\" \/>\n<meta property=\"og:locale\" content=\"pl_PL\" \/>\n<meta property=\"og:type\" content=\"article\" \/>\n<meta property=\"og:title\" content=\"Nota prawna :: ESPA\u00d1OL.PRO\" \/>\n<meta property=\"og:description\" content=\"Dowiedz si\u0119 wi\u0119cej o espa\u00f1ol.pro\" \/>\n<meta property=\"og:url\" content=\"https:\/\/spanish-training.com\/pl\/nota-prawna\/\" \/>\n<meta property=\"og:site_name\" content=\"Spanish Couses in Spain\" \/>\n<meta property=\"article:publisher\" content=\"https:\/\/www.facebook.com\/spanish.course.spain\" \/>\n<meta property=\"article:modified_time\" content=\"2024-01-26T19:25:09+00:00\" \/>\n<meta name=\"twitter:card\" content=\"summary_large_image\" \/>\n<meta name=\"twitter:label1\" content=\"Szacowany czas czytania\" \/>\n\t<meta name=\"twitter:data1\" content=\"2 minuty\" \/>\n<script type=\"application\/ld+json\" class=\"yoast-schema-graph\">{\"@context\":\"https:\/\/schema.org\",\"@graph\":[{\"@type\":\"WebPage\",\"@id\":\"https:\/\/spanish-training.com\/pl\/nota-prawna\/\",\"url\":\"https:\/\/spanish-training.com\/pl\/nota-prawna\/\",\"name\":\"Nota prawna :: ESPA\u00d1OL.PRO\",\"isPartOf\":{\"@id\":\"https:\/\/spanish-training.com\/pl\/#website\"},\"datePublished\":\"2023-12-02T01:19:42+00:00\",\"dateModified\":\"2024-01-26T19:25:09+00:00\",\"description\":\"Dowiedz si\u0119 wi\u0119cej o espa\u00f1ol.pro\",\"breadcrumb\":{\"@id\":\"https:\/\/spanish-training.com\/pl\/nota-prawna\/#breadcrumb\"},\"inLanguage\":\"pl-PL\",\"potentialAction\":[{\"@type\":\"ReadAction\",\"target\":[\"https:\/\/spanish-training.com\/pl\/nota-prawna\/\"]}]},{\"@type\":\"BreadcrumbList\",\"@id\":\"https:\/\/spanish-training.com\/pl\/nota-prawna\/#breadcrumb\",\"itemListElement\":[{\"@type\":\"ListItem\",\"position\":1,\"name\":\"Home\",\"item\":\"https:\/\/spanish-training.com\/pl\/\"},{\"@type\":\"ListItem\",\"position\":2,\"name\":\"Nota prawna\"}]},{\"@type\":\"WebSite\",\"@id\":\"https:\/\/spanish-training.com\/pl\/#website\",\"url\":\"https:\/\/spanish-training.com\/pl\/\",\"name\":\"espa\u00f1ol.pro :: Spanish language courses in Spain\",\"description\":\"Spanish Language Adventure: Seamless, Swift, Successful!\",\"publisher\":{\"@id\":\"https:\/\/spanish-training.com\/pl\/#organization\"},\"potentialAction\":[{\"@type\":\"SearchAction\",\"target\":{\"@type\":\"EntryPoint\",\"urlTemplate\":\"https:\/\/spanish-training.com\/pl\/?s={search_term_string}\"},\"query-input\":{\"@type\":\"PropertyValueSpecification\",\"valueRequired\":true,\"valueName\":\"search_term_string\"}}],\"inLanguage\":\"pl-PL\"},{\"@type\":\"Organization\",\"@id\":\"https:\/\/spanish-training.com\/pl\/#organization\",\"name\":\"espa\u00f1ol.pro\",\"url\":\"https:\/\/spanish-training.com\/pl\/\",\"logo\":{\"@type\":\"ImageObject\",\"inLanguage\":\"pl-PL\",\"@id\":\"https:\/\/spanish-training.com\/pl\/#\/schema\/logo\/image\/\",\"url\":\"http:\/\/spanish-training.com\/wp-content\/uploads\/2023\/12\/logo_espanol_pro.jpeg\",\"contentUrl\":\"http:\/\/spanish-training.com\/wp-content\/uploads\/2023\/12\/logo_espanol_pro.jpeg\",\"width\":1350,\"height\":772,\"caption\":\"espa\u00f1ol.pro\"},\"image\":{\"@id\":\"https:\/\/spanish-training.com\/pl\/#\/schema\/logo\/image\/\"},\"sameAs\":[\"https:\/\/www.facebook.com\/spanish.course.spain\",\"https:\/\/www.instagram.com\/espanol.pro\"]}]}<\/script>\n<!-- \/ Yoast SEO plugin. -->","yoast_head_json":{"title":"Nota prawna :: ESPA\u00d1OL.PRO","description":"Dowiedz si\u0119 wi\u0119cej o espa\u00f1ol.pro","robots":{"index":"index","follow":"follow","max-snippet":"max-snippet:-1","max-image-preview":"max-image-preview:large","max-video-preview":"max-video-preview:-1"},"canonical":"https:\/\/spanish-training.com\/pl\/nota-prawna\/","og_locale":"pl_PL","og_type":"article","og_title":"Nota prawna :: ESPA\u00d1OL.PRO","og_description":"Dowiedz si\u0119 wi\u0119cej o espa\u00f1ol.pro","og_url":"https:\/\/spanish-training.com\/pl\/nota-prawna\/","og_site_name":"Spanish Couses in Spain","article_publisher":"https:\/\/www.facebook.com\/spanish.course.spain","article_modified_time":"2024-01-26T19:25:09+00:00","twitter_card":"summary_large_image","twitter_misc":{"Szacowany czas czytania":"2 minuty"},"schema":{"@context":"https:\/\/schema.org","@graph":[{"@type":"WebPage","@id":"https:\/\/spanish-training.com\/pl\/nota-prawna\/","url":"https:\/\/spanish-training.com\/pl\/nota-prawna\/","name":"Nota prawna :: ESPA\u00d1OL.PRO","isPartOf":{"@id":"https:\/\/spanish-training.com\/pl\/#website"},"datePublished":"2023-12-02T01:19:42+00:00","dateModified":"2024-01-26T19:25:09+00:00","description":"Dowiedz si\u0119 wi\u0119cej o espa\u00f1ol.pro","breadcrumb":{"@id":"https:\/\/spanish-training.com\/pl\/nota-prawna\/#breadcrumb"},"inLanguage":"pl-PL","potentialAction":[{"@type":"ReadAction","target":["https:\/\/spanish-training.com\/pl\/nota-prawna\/"]}]},{"@type":"BreadcrumbList","@id":"https:\/\/spanish-training.com\/pl\/nota-prawna\/#breadcrumb","itemListElement":[{"@type":"ListItem","position":1,"name":"Home","item":"https:\/\/spanish-training.com\/pl\/"},{"@type":"ListItem","position":2,"name":"Nota prawna"}]},{"@type":"WebSite","@id":"https:\/\/spanish-training.com\/pl\/#website","url":"https:\/\/spanish-training.com\/pl\/","name":"espa\u00f1ol.pro :: Spanish language courses in Spain","description":"Spanish Language Adventure: Seamless, Swift, Successful!","publisher":{"@id":"https:\/\/spanish-training.com\/pl\/#organization"},"potentialAction":[{"@type":"SearchAction","target":{"@type":"EntryPoint","urlTemplate":"https:\/\/spanish-training.com\/pl\/?s={search_term_string}"},"query-input":{"@type":"PropertyValueSpecification","valueRequired":true,"valueName":"search_term_string"}}],"inLanguage":"pl-PL"},{"@type":"Organization","@id":"https:\/\/spanish-training.com\/pl\/#organization","name":"espa\u00f1ol.pro","url":"https:\/\/spanish-training.com\/pl\/","logo":{"@type":"ImageObject","inLanguage":"pl-PL","@id":"https:\/\/spanish-training.com\/pl\/#\/schema\/logo\/image\/","url":"http:\/\/spanish-training.com\/wp-content\/uploads\/2023\/12\/logo_espanol_pro.jpeg","contentUrl":"http:\/\/spanish-training.com\/wp-content\/uploads\/2023\/12\/logo_espanol_pro.jpeg","width":1350,"height":772,"caption":"espa\u00f1ol.pro"},"image":{"@id":"https:\/\/spanish-training.com\/pl\/#\/schema\/logo\/image\/"},"sameAs":["https:\/\/www.facebook.com\/spanish.course.spain","https:\/\/www.instagram.com\/espanol.pro"]}]}},"_links":{"self":[{"href":"https:\/\/spanish-training.com\/pl\/wp-json\/wp\/v2\/pages\/2092","targetHints":{"allow":["GET"]}}],"collection":[{"href":"https:\/\/spanish-training.com\/pl\/wp-json\/wp\/v2\/pages"}],"about":[{"href":"https:\/\/spanish-training.com\/pl\/wp-json\/wp\/v2\/types\/page"}],"author":[{"embeddable":true,"href":"https:\/\/spanish-training.com\/pl\/wp-json\/wp\/v2\/users\/2"}],"replies":[{"embeddable":true,"href":"https:\/\/spanish-training.com\/pl\/wp-json\/wp\/v2\/comments?post=2092"}],"version-history":[{"count":2,"href":"https:\/\/spanish-training.com\/pl\/wp-json\/wp\/v2\/pages\/2092\/revisions"}],"predecessor-version":[{"id":2094,"href":"https:\/\/spanish-training.com\/pl\/wp-json\/wp\/v2\/pages\/2092\/revisions\/2094"}],"wp:attachment":[{"href":"https:\/\/spanish-training.com\/pl\/wp-json\/wp\/v2\/media?parent=2092"}],"curies":[{"name":"wp","href":"https:\/\/api.w.org\/{rel}","templated":true}]}}