{"id":1804,"date":"2023-12-02T02:16:35","date_gmt":"2023-12-02T01:16:35","guid":{"rendered":"https:\/\/spanish-training.com\/agb\/"},"modified":"2024-01-19T18:01:06","modified_gmt":"2024-01-19T17:01:06","slug":"agb","status":"publish","type":"page","link":"https:\/\/spanish-training.com\/de\/agb\/","title":{"rendered":"AGB"},"content":{"rendered":"<p>[et_pb_section fb_built=&#8220;1&#8243; _builder_version=&#8220;4.23.1&#8243; _module_preset=&#8220;default&#8220; global_colors_info=&#8220;{}&#8220;][et_pb_row _builder_version=&#8220;4.23.1&#8243; _module_preset=&#8220;default&#8220; global_colors_info=&#8220;{}&#8220;][et_pb_column type=&#8220;4_4&#8243; _builder_version=&#8220;4.23.1&#8243; _module_preset=&#8220;default&#8220; global_colors_info=&#8220;{}&#8220;][et_pb_text _builder_version=&#8220;4.23.4&#8243; _module_preset=&#8220;default&#8220; hover_enabled=&#8220;0&#8243; global_colors_info=&#8220;{}&#8220; sticky_enabled=&#8220;0&#8243;]<\/p>\n<p><strong>ALLGEMEINE BEDINGUNGEN<\/strong><\/p>\n<p>1. ANMELDUNG<br \/>Um sich einzuschreiben, muss das Formular vollst\u00e4ndig ausgef\u00fcllt eingereicht werden. Der Studentenstatus wird von der Schule oder einem offiziellen Vertreter anerkannt. Nach Erhalt der Anmeldebest\u00e4tigung per Post oder E-Mail muss eine sofortige Einzahlung auf unser Bankkonto erfolgen, die vom Restbetrag der Gesamtrechnung abgezogen wird. Nach Eingang der Anzahlung auf unserem Bankkonto ist der Reservierungsvertrag in Kraft. Der Restbetrag der Rechnung muss 4 Wochen vor Kursbeginn bezahlt werden.<\/p>\n<p>2. ZAHLUNGEN<br \/>Die zum Zeitpunkt der Anmeldung auf der Rechnung angegebenen Geb\u00fchren sind g\u00fcltig. Der Teilnehmer ist f\u00fcr alle Bankgeb\u00fchren f\u00fcr die Bezahlung des Kurses verantwortlich. Die Reservierung wird nach Eingang der Anzahlung von 200,00 \u20ac vorgenommen. Die Anzahlung wird von der Gesamtrechnung abgezogen. Wird die Anzahlung nicht rechtzeitig geleistet, kann der Teilnehmer die Reservierung nicht in Anspruch nehmen.<br \/>Bei Buchungen von bis zu 12 Wochen muss der Gesamtrechnungsbetrag vier Wochen vor Kursbeginn auf unserem Bankkonto eingegangen sein. Bei Buchungen f\u00fcr einen l\u00e4ngeren Zeitraum als 12 Wochen muss ein Mindestbetrag des 12-Wochen-Preises vor Kursbeginn bezahlt werden. Der Rest der Zahlung kann in Raten f\u00fcr jede Kursstufe erfolgen. Jede Rate muss mindestens 3 Wochen vor Beginn der neuen Kursstufe gezahlt werden.<\/p>\n<p>3. Stornierungen \/ R\u00fcckerstattungen<br \/>Im Falle einer Stornierung muss die Stornierung schriftlich per Post, Fax oder E-Mail erfolgen. Bei einer Stornierung 4 Wochen nach Kursbeginn wird der gesamte Betrag bis auf eine Bearbeitungsgeb\u00fchr von 100 \u00a4 zur\u00fcckerstattet. (Zur Stornierung der Unterkunft siehe Punkt 4) Erfolgt die Stornierung innerhalb von drei Wochen vor Kursbeginn, wird die Anzahlung nicht zur\u00fcckerstattet. Erfolgt die Stornierung nach Beginn des Kurses, wird der gesamte Betrag nicht zur\u00fcckerstattet. Auch wenn der Kurs nicht regelm\u00e4\u00dfig besucht wird, muss er in voller H\u00f6he bezahlt werden. Die Schule ist nicht verantwortlich f\u00fcr die Unterbrechung ihrer Dienstleistungen aufgrund h\u00f6herer Gewalt. Falls ein Student seinen Aufenthalt unterbrechen muss, hat er keinen Anspruch auf eine R\u00fcckerstattung.<\/p>\n<p>4. UNTERKUNFT<br \/>Die Schulen stellen bei Bedarf eine \u00fcberwachte und kontrollierte Unterkunft zur Verf\u00fcgung (Gastfamilien, Wohngemeinschaften, Hotels). Es besteht kein Anspruch auf irgendeine Art von Unterkunft. Die Unterkunft steht ab 16:00 Uhr am Tag vor Kursbeginn bis 12:00 Uhr am Tag nach Kursende zur Verf\u00fcgung. Sollte der Teilnehmer nicht am vereinbarten Tag in seiner Unterkunft ankommen, muss er die Schule oder die Gastfamilie unverz\u00fcglich informieren. Die Unterkunft wird f\u00fcr die erste Nacht nicht garantiert, wenn die Ankunftszeit nach 21:00 Uhr liegt. F\u00fcr Gastfamilien, Wohngemeinschaften und Hotels gelten deren Allgemeine Gesch\u00e4ftsbedingungen, d.h. deren interne Regeln und Vorschriften. Die Schule beh\u00e4lt sich das Recht vor, dem Teilnehmer im Falle eines Missbrauchs der Lebenshaltungskosten (Reinigung, Strom und Bruchsch\u00e4den) eine zus\u00e4tzliche Geb\u00fchr in Rechnung zu stellen. Eine K\u00fcndigung der Unterkunft ist bis zu vier Wochen vor dem Auszugsdatum ohne zus\u00e4tzliche Kosten m\u00f6glich. Nach diesem Datum wird eine Stornogeb\u00fchr erhoben, die sich nach dem Preis des Kurses und der Lage der Unterkunft richtet.<\/p>\n<p>5. VISA<br \/>nicht zutreffend<\/p>\n<p>6. VERSICHERUNG<br \/>Der Teilnehmer ist nicht \u00fcber die Schule versichert, kann jedoch im Falle eines Unfalls oder Diebstahls w\u00e4hrend einer Schulaktivit\u00e4t eine Haftpflicht geltend machen. Bitte erkundigen Sie sich in Ihrem eigenen Land nach den Bestimmungen einer privaten Versicherung.<br \/>Krankenversicherung: Solange Sie aus einem europ\u00e4ischen Land kommen, sind Sie \u00fcber Ihre Sozialversicherung durch das Dokument E-111 versichert. Mit diesem Dokument erhalten Sie im Bedarfsfall kostenlose medizinische Hilfe, au\u00dfer bei Zahn\u00e4rzten. Wenn Sie nicht aus einem europ\u00e4ischen Land kommen, m\u00fcssen Sie Ihre Versicherungskarte aus Ihrem Heimatland mitbringen.<\/p>\n<p>7. SONSTIGE BEDINGUNGEN<br \/>An gesetzlich anerkannten und lokalen Feiertagen findet kein Unterricht statt.<br \/>Wenn die Anzahl der Sch\u00fcler in einem Kurs weniger als 3 betr\u00e4gt, hat die Schule das Recht, die Anzahl der Unterrichtsstunden zu reduzieren.<br \/>Die Schule hat das Recht, Sch\u00fcler auszuschlie\u00dfen, deren Verhalten den normalen Ablauf des Unterrichts st\u00f6rt oder beeintr\u00e4chtigt.<\/p>\n<p>8. GERICHTSSTAND<br \/>Auf unsere Vertr\u00e4ge findet deutsches Recht Anwendung. Der Gerichtsstand ist Berlin.<br \/>Espa\u00f1ol.pro ist ein Gesch\u00e4ftsbereich der LEMP Berlin Training UG (haftungsbeschr\u00e4nkt). LEMP Berlin Training UG (haftungsbeschr\u00e4nkt) ist ein Anbieter von Sprachdienstleistungen (Sprachreiseb\u00fcro und Sprachschule) in Berlin und steht Ihnen bei allen Fragen, W\u00fcnschen und Problemen rund um Ihren Aufenthalt und Sprachkurs vor und zu Beginn Ihrer Reise zur Verf\u00fcgung. Nach Ihrer Ankunft ist die Schule, bei der Sie sich angemeldet haben, f\u00fcr die Organisation Ihres Aufenthalts und Ihres Sprachkurses zust\u00e4ndig.<\/p>\n<p>G\u00fcltig ab dem 01.01.2024<\/p>\n<p>[\/et_pb_text][\/et_pb_column][\/et_pb_row][\/et_pb_section]<\/p>\n","protected":false},"excerpt":{"rendered":"<p>ALLGEMEINE BEDINGUNGEN 1. ANMELDUNGUm sich einzuschreiben, muss das Formular vollst\u00e4ndig ausgef\u00fcllt eingereicht werden. Der Studentenstatus wird von der Schule oder einem offiziellen Vertreter anerkannt. Nach Erhalt der Anmeldebest\u00e4tigung per Post oder E-Mail muss eine sofortige Einzahlung auf unser Bankkonto erfolgen, die vom Restbetrag der Gesamtrechnung abgezogen wird. Nach Eingang der Anzahlung auf unserem Bankkonto ist [&hellip;]<\/p>\n","protected":false},"author":2,"featured_media":0,"parent":0,"menu_order":0,"comment_status":"closed","ping_status":"closed","template":"","meta":{"_et_pb_use_builder":"on","_et_pb_old_content":"","_et_gb_content_width":"","footnotes":""},"class_list":["post-1804","page","type-page","status-publish","hentry"],"yoast_head":"<!-- This site is optimized with the Yoast SEO plugin v27.2 - https:\/\/yoast.com\/product\/yoast-seo-wordpress\/ -->\n<title>AGB :: ESPA\u00d1OL.PRO<\/title>\n<meta name=\"description\" content=\"Spanischkurse in Spanien - AGB :: ESPA\u00d1OL.PRO\" \/>\n<meta name=\"robots\" content=\"noindex, nofollow\" \/>\n<meta property=\"og:locale\" content=\"de_DE\" \/>\n<meta property=\"og:type\" content=\"article\" \/>\n<meta property=\"og:title\" content=\"AGB :: ESPA\u00d1OL.PRO\" \/>\n<meta property=\"og:description\" content=\"Spanischkurse in Spanien - AGB :: ESPA\u00d1OL.PRO\" \/>\n<meta property=\"og:url\" content=\"https:\/\/spanish-training.com\/de\/agb\/\" \/>\n<meta property=\"og:site_name\" content=\"ESPA\u00d1OL.PRO\" \/>\n<meta property=\"article:publisher\" content=\"https:\/\/www.facebook.com\/spanish.course.spain\" \/>\n<meta property=\"article:modified_time\" content=\"2024-01-19T17:01:06+00:00\" \/>\n<meta name=\"twitter:card\" content=\"summary_large_image\" \/>\n<meta name=\"twitter:label1\" content=\"Gesch\u00e4tzte Lesezeit\" \/>\n\t<meta name=\"twitter:data1\" content=\"4\u00a0Minuten\" \/>\n<script type=\"application\/ld+json\" class=\"yoast-schema-graph\">{\"@context\":\"https:\/\/schema.org\",\"@graph\":[{\"@type\":\"WebPage\",\"@id\":\"https:\/\/spanish-training.com\/de\/agb\/\",\"url\":\"https:\/\/spanish-training.com\/de\/agb\/\",\"name\":\"AGB :: ESPA\u00d1OL.PRO\",\"isPartOf\":{\"@id\":\"https:\/\/spanish-training.com\/de\/#website\"},\"datePublished\":\"2023-12-02T01:16:35+00:00\",\"dateModified\":\"2024-01-19T17:01:06+00:00\",\"description\":\"Spanischkurse in Spanien - AGB :: ESPA\u00d1OL.PRO\",\"breadcrumb\":{\"@id\":\"https:\/\/spanish-training.com\/de\/agb\/#breadcrumb\"},\"inLanguage\":\"de\",\"potentialAction\":[{\"@type\":\"ReadAction\",\"target\":[\"https:\/\/spanish-training.com\/de\/agb\/\"]}]},{\"@type\":\"BreadcrumbList\",\"@id\":\"https:\/\/spanish-training.com\/de\/agb\/#breadcrumb\",\"itemListElement\":[{\"@type\":\"ListItem\",\"position\":1,\"name\":\"Home\",\"item\":\"https:\/\/spanish-training.com\/de\/\"},{\"@type\":\"ListItem\",\"position\":2,\"name\":\"AGB\"}]},{\"@type\":\"WebSite\",\"@id\":\"https:\/\/spanish-training.com\/de\/#website\",\"url\":\"https:\/\/spanish-training.com\/de\/\",\"name\":\"espa\u00f1ol.pro :: Spanish language courses in Spain\",\"description\":\"Spanish Language Adventure: Seamless, Swift, Successful!\",\"publisher\":{\"@id\":\"https:\/\/spanish-training.com\/de\/#organization\"},\"potentialAction\":[{\"@type\":\"SearchAction\",\"target\":{\"@type\":\"EntryPoint\",\"urlTemplate\":\"https:\/\/spanish-training.com\/de\/?s={search_term_string}\"},\"query-input\":{\"@type\":\"PropertyValueSpecification\",\"valueRequired\":true,\"valueName\":\"search_term_string\"}}],\"inLanguage\":\"de\"},{\"@type\":\"Organization\",\"@id\":\"https:\/\/spanish-training.com\/de\/#organization\",\"name\":\"espa\u00f1ol.pro\",\"url\":\"https:\/\/spanish-training.com\/de\/\",\"logo\":{\"@type\":\"ImageObject\",\"inLanguage\":\"de\",\"@id\":\"https:\/\/spanish-training.com\/de\/#\/schema\/logo\/image\/\",\"url\":\"http:\/\/spanish-training.com\/wp-content\/uploads\/2023\/12\/logo_espanol_pro.jpeg\",\"contentUrl\":\"http:\/\/spanish-training.com\/wp-content\/uploads\/2023\/12\/logo_espanol_pro.jpeg\",\"width\":1350,\"height\":772,\"caption\":\"espa\u00f1ol.pro\"},\"image\":{\"@id\":\"https:\/\/spanish-training.com\/de\/#\/schema\/logo\/image\/\"},\"sameAs\":[\"https:\/\/www.facebook.com\/spanish.course.spain\",\"https:\/\/www.instagram.com\/espanol.pro\"]}]}<\/script>\n<!-- \/ Yoast SEO plugin. -->","yoast_head_json":{"title":"AGB :: ESPA\u00d1OL.PRO","description":"Spanischkurse in Spanien - AGB :: ESPA\u00d1OL.PRO","robots":{"index":"noindex","follow":"nofollow"},"og_locale":"de_DE","og_type":"article","og_title":"AGB :: ESPA\u00d1OL.PRO","og_description":"Spanischkurse in Spanien - AGB :: ESPA\u00d1OL.PRO","og_url":"https:\/\/spanish-training.com\/de\/agb\/","og_site_name":"ESPA\u00d1OL.PRO","article_publisher":"https:\/\/www.facebook.com\/spanish.course.spain","article_modified_time":"2024-01-19T17:01:06+00:00","twitter_card":"summary_large_image","twitter_misc":{"Gesch\u00e4tzte Lesezeit":"4\u00a0Minuten"},"schema":{"@context":"https:\/\/schema.org","@graph":[{"@type":"WebPage","@id":"https:\/\/spanish-training.com\/de\/agb\/","url":"https:\/\/spanish-training.com\/de\/agb\/","name":"AGB :: ESPA\u00d1OL.PRO","isPartOf":{"@id":"https:\/\/spanish-training.com\/de\/#website"},"datePublished":"2023-12-02T01:16:35+00:00","dateModified":"2024-01-19T17:01:06+00:00","description":"Spanischkurse in Spanien - AGB :: ESPA\u00d1OL.PRO","breadcrumb":{"@id":"https:\/\/spanish-training.com\/de\/agb\/#breadcrumb"},"inLanguage":"de","potentialAction":[{"@type":"ReadAction","target":["https:\/\/spanish-training.com\/de\/agb\/"]}]},{"@type":"BreadcrumbList","@id":"https:\/\/spanish-training.com\/de\/agb\/#breadcrumb","itemListElement":[{"@type":"ListItem","position":1,"name":"Home","item":"https:\/\/spanish-training.com\/de\/"},{"@type":"ListItem","position":2,"name":"AGB"}]},{"@type":"WebSite","@id":"https:\/\/spanish-training.com\/de\/#website","url":"https:\/\/spanish-training.com\/de\/","name":"espa\u00f1ol.pro :: Spanish language courses in Spain","description":"Spanish Language Adventure: Seamless, Swift, Successful!","publisher":{"@id":"https:\/\/spanish-training.com\/de\/#organization"},"potentialAction":[{"@type":"SearchAction","target":{"@type":"EntryPoint","urlTemplate":"https:\/\/spanish-training.com\/de\/?s={search_term_string}"},"query-input":{"@type":"PropertyValueSpecification","valueRequired":true,"valueName":"search_term_string"}}],"inLanguage":"de"},{"@type":"Organization","@id":"https:\/\/spanish-training.com\/de\/#organization","name":"espa\u00f1ol.pro","url":"https:\/\/spanish-training.com\/de\/","logo":{"@type":"ImageObject","inLanguage":"de","@id":"https:\/\/spanish-training.com\/de\/#\/schema\/logo\/image\/","url":"http:\/\/spanish-training.com\/wp-content\/uploads\/2023\/12\/logo_espanol_pro.jpeg","contentUrl":"http:\/\/spanish-training.com\/wp-content\/uploads\/2023\/12\/logo_espanol_pro.jpeg","width":1350,"height":772,"caption":"espa\u00f1ol.pro"},"image":{"@id":"https:\/\/spanish-training.com\/de\/#\/schema\/logo\/image\/"},"sameAs":["https:\/\/www.facebook.com\/spanish.course.spain","https:\/\/www.instagram.com\/espanol.pro"]}]}},"_links":{"self":[{"href":"https:\/\/spanish-training.com\/de\/wp-json\/wp\/v2\/pages\/1804","targetHints":{"allow":["GET"]}}],"collection":[{"href":"https:\/\/spanish-training.com\/de\/wp-json\/wp\/v2\/pages"}],"about":[{"href":"https:\/\/spanish-training.com\/de\/wp-json\/wp\/v2\/types\/page"}],"author":[{"embeddable":true,"href":"https:\/\/spanish-training.com\/de\/wp-json\/wp\/v2\/users\/2"}],"replies":[{"embeddable":true,"href":"https:\/\/spanish-training.com\/de\/wp-json\/wp\/v2\/comments?post=1804"}],"version-history":[{"count":5,"href":"https:\/\/spanish-training.com\/de\/wp-json\/wp\/v2\/pages\/1804\/revisions"}],"predecessor-version":[{"id":1819,"href":"https:\/\/spanish-training.com\/de\/wp-json\/wp\/v2\/pages\/1804\/revisions\/1819"}],"wp:attachment":[{"href":"https:\/\/spanish-training.com\/de\/wp-json\/wp\/v2\/media?parent=1804"}],"curies":[{"name":"wp","href":"https:\/\/api.w.org\/{rel}","templated":true}]}}